{"id":98,"date":"2010-11-13T19:09:46","date_gmt":"2010-11-13T19:09:46","guid":{"rendered":"http:\/\/www.sir-toby.org\/?page_id=98"},"modified":"2024-04-03T17:58:35","modified_gmt":"2024-04-03T17:58:35","slug":"der-name-sir-toby","status":"publish","type":"page","link":"http:\/\/www.sir-toby.org\/?page_id=98","title":{"rendered":"Der Name"},"content":{"rendered":"<p style=\"text-align: center;\">Woher kommt eigentlich der Name <strong><em>Sir Toby<\/em><\/strong>?<\/p>\n<p style=\"text-align: center;\"><strong><em>Na klar!!<\/em><\/strong><\/p>\n<p style=\"text-align: center;\">Sir Toby war einer der vier G\u00e4ste die Miss Sophie im Film <strong><em>Dinner for One<\/em> <\/strong>zur Geburtstagsfeier eingeladen hatte. Und da wir schon seit \u00fcber zwanzig Jahren unseren englischen Doppeldecker namens <a href=\"http:\/\/www.miss-sophie.org\"><em><strong>Miss Sophie<\/strong><\/em> <\/a>fliegen, lag es nat\u00fcrlich nahe unsere Zlin<strong><em> Sir Toby<\/em><\/strong> zu taufen.<\/p>\n<p style=\"text-align: center;\"><a href=\"http:\/\/www.sir-toby.org\/wp-content\/uploads\/2010\/11\/01020317544001.jpg\"><img loading=\"lazy\" decoding=\"async\" class=\"aligncenter size-full wp-image-167\" title=\"Dinner for one oder Der 90. Geburtstag\" src=\"http:\/\/www.sir-toby.org\/wp-content\/uploads\/2010\/11\/01020317544001.jpg\" alt=\"\" width=\"261\" height=\"350\" srcset=\"http:\/\/www.sir-toby.org\/wp-content\/uploads\/2010\/11\/01020317544001.jpg 261w, http:\/\/www.sir-toby.org\/wp-content\/uploads\/2010\/11\/01020317544001-223x300.jpg 223w\" sizes=\"auto, (max-width: 261px) 100vw, 261px\" \/><\/a><\/p>\n<p style=\"text-align: center;\">Was sagte Sir Toby als\u00a0 er beim Dinner versehentlich aus der Blumenvase trank??<\/p>\n<blockquote>\n<p style=\"text-align: center;\"><strong><em>I\u00b4ll kill that cat !!<\/em><\/strong><\/p>\n<p style=\"text-align: center;\"><strong>Na dann, Cheerio!<\/strong><\/p>\n<\/blockquote>\n<p style=\"text-align: center;\">\n","protected":false},"excerpt":{"rendered":"<p>Woher kommt eigentlich der Name Sir Toby? Na klar!! Sir Toby war einer der vier G\u00e4ste die Miss Sophie im Film Dinner for One zur Geburtstagsfeier eingeladen hatte. Und da wir schon seit \u00fcber zwanzig Jahren unseren englischen Doppeldecker namens Miss Sophie fliegen, lag es nat\u00fcrlich nahe unsere Zlin Sir Toby zu taufen. Was sagte [&hellip;]<\/p>\n","protected":false},"author":2,"featured_media":0,"parent":0,"menu_order":30,"comment_status":"open","ping_status":"open","template":"","meta":{"footnotes":""},"class_list":["post-98","page","type-page","status-publish","hentry"],"_links":{"self":[{"href":"http:\/\/www.sir-toby.org\/index.php?rest_route=\/wp\/v2\/pages\/98","targetHints":{"allow":["GET"]}}],"collection":[{"href":"http:\/\/www.sir-toby.org\/index.php?rest_route=\/wp\/v2\/pages"}],"about":[{"href":"http:\/\/www.sir-toby.org\/index.php?rest_route=\/wp\/v2\/types\/page"}],"author":[{"embeddable":true,"href":"http:\/\/www.sir-toby.org\/index.php?rest_route=\/wp\/v2\/users\/2"}],"replies":[{"embeddable":true,"href":"http:\/\/www.sir-toby.org\/index.php?rest_route=%2Fwp%2Fv2%2Fcomments&post=98"}],"version-history":[{"count":11,"href":"http:\/\/www.sir-toby.org\/index.php?rest_route=\/wp\/v2\/pages\/98\/revisions"}],"predecessor-version":[{"id":395,"href":"http:\/\/www.sir-toby.org\/index.php?rest_route=\/wp\/v2\/pages\/98\/revisions\/395"}],"wp:attachment":[{"href":"http:\/\/www.sir-toby.org\/index.php?rest_route=%2Fwp%2Fv2%2Fmedia&parent=98"}],"curies":[{"name":"wp","href":"https:\/\/api.w.org\/{rel}","templated":true}]}}