{"id":331,"date":"2024-04-01T17:05:57","date_gmt":"2024-04-01T17:05:57","guid":{"rendered":"https:\/\/www.sir-toby.org\/?page_id=331"},"modified":"2024-04-03T17:50:11","modified_gmt":"2024-04-03T17:50:11","slug":"aller-anfang-ist-schwer","status":"publish","type":"page","link":"http:\/\/www.sir-toby.org\/?page_id=331","title":{"rendered":"Aller Anfang ist schwer!"},"content":{"rendered":"<p>Seit 2008 hatten wir uns vollgesponnen, in den Motorkunstflug einsteigen zu wollen. Die Gruppe der ernsthaft Interessenten wechselte allerdings im laufe der Zeit einige male. Geldmangel, Zeitmangel, Umzug nach \u00d6sterreich waren die h\u00e4ufigsten Gr\u00fcnde um wieder abzuspringen. Am Ende hat ein harter Kern von vier Personen sich fest vorgenommen, das Ziel doch noch zu erreichen. Dann wurde zun\u00e4chst das Budget ermittelt und mit der Suche nach einem bezahlbaren und geeigneten Flugzeug begonnen.<\/p>\n<p>Aber was uns da am Gebrauchtflugzeugmarkt angeboten wurde schwankte zwischen unerreichbar teuer, \u00fcber ern\u00fcchternd bis hin zu kriminell.<\/p>\n<p>Da sind zun\u00e4chst die 326er und 526er <em><strong>Zlins<\/strong><\/em> zu erw\u00e4hnen, die l\u00e4ngst ihre Kunstflugstunden &#8222;abgeflogen&#8220; haben und auf ahnungslose K\u00e4ufer warten. Das kann man gut und gerne als Betrug bezeichnen.<\/p>\n<p>Eimal wurde uns eine <em><strong>Starduster<\/strong><\/em> angeboten. Die muss mehrere Monate in einem \u00dcberschwemmungsgebiet zugebracht haben. Die Stahlrohrkonstruktion war im Rumpfinneren komplett verrostet.<\/p>\n<p><a href=\"http:\/\/www.sir-toby.org\/wp-content\/uploads\/2024\/03\/K770i77951-e1711986513496.jpg\"><img loading=\"lazy\" decoding=\"async\" class=\"aligncenter wp-image-362 size-large\" src=\"http:\/\/www.sir-toby.org\/wp-content\/uploads\/2024\/03\/K770i77951-e1711986513496-1024x536.jpg\" alt=\"\" width=\"1024\" height=\"536\" srcset=\"http:\/\/www.sir-toby.org\/wp-content\/uploads\/2024\/03\/K770i77951-e1711986513496-1024x536.jpg 1024w, http:\/\/www.sir-toby.org\/wp-content\/uploads\/2024\/03\/K770i77951-e1711986513496-300x157.jpg 300w, http:\/\/www.sir-toby.org\/wp-content\/uploads\/2024\/03\/K770i77951-e1711986513496-768x402.jpg 768w, http:\/\/www.sir-toby.org\/wp-content\/uploads\/2024\/03\/K770i77951-e1711986513496-1536x803.jpg 1536w, http:\/\/www.sir-toby.org\/wp-content\/uploads\/2024\/03\/K770i77951-e1711986513496.jpg 2048w\" sizes=\"auto, (max-width: 1024px) 100vw, 1024px\" \/><\/a><br \/>\n<a href=\"http:\/\/www.sir-toby.org\/wp-content\/uploads\/2024\/04\/K770i85926.jpg\"><img loading=\"lazy\" decoding=\"async\" class=\"aligncenter wp-image-378 size-large\" src=\"http:\/\/www.sir-toby.org\/wp-content\/uploads\/2024\/04\/K770i85926-1024x768.jpg\" alt=\"\" width=\"1024\" height=\"768\" srcset=\"http:\/\/www.sir-toby.org\/wp-content\/uploads\/2024\/04\/K770i85926-1024x768.jpg 1024w, http:\/\/www.sir-toby.org\/wp-content\/uploads\/2024\/04\/K770i85926-300x225.jpg 300w, http:\/\/www.sir-toby.org\/wp-content\/uploads\/2024\/04\/K770i85926-768x576.jpg 768w, http:\/\/www.sir-toby.org\/wp-content\/uploads\/2024\/04\/K770i85926-1536x1152.jpg 1536w, http:\/\/www.sir-toby.org\/wp-content\/uploads\/2024\/04\/K770i85926.jpg 2048w\" sizes=\"auto, (max-width: 1024px) 100vw, 1024px\" \/><\/a><\/p>\n<p>&nbsp;<\/p>\n<p>Auf der Heimfahrt haben wir echt \u00fcberlegt, eine Anzeige zu machen. Nicht aus Rache, sondern um anderen Piloten wom\u00f6glich das Leben zu retten.<\/p>\n<p style=\"text-align: center;\">In Tannheim fanden wir ein echtes Juwel. Eine <em><strong>Pitts S2A<\/strong><\/em><\/p>\n<p>&nbsp;<\/p>\n<p><a href=\"http:\/\/www.sir-toby.org\/wp-content\/uploads\/2024\/04\/Pitts.jpg\"><img loading=\"lazy\" decoding=\"async\" class=\"aligncenter wp-image-380 size-large\" src=\"http:\/\/www.sir-toby.org\/wp-content\/uploads\/2024\/04\/Pitts-1024x768.jpg\" alt=\"\" width=\"1024\" height=\"768\" srcset=\"http:\/\/www.sir-toby.org\/wp-content\/uploads\/2024\/04\/Pitts-1024x768.jpg 1024w, http:\/\/www.sir-toby.org\/wp-content\/uploads\/2024\/04\/Pitts-300x225.jpg 300w, http:\/\/www.sir-toby.org\/wp-content\/uploads\/2024\/04\/Pitts-768x576.jpg 768w, http:\/\/www.sir-toby.org\/wp-content\/uploads\/2024\/04\/Pitts.jpg 1433w\" sizes=\"auto, (max-width: 1024px) 100vw, 1024px\" \/><\/a><\/p>\n<p>Allerdings h\u00e4tten wir, um die Schwerpunktlage einhalten zu k\u00f6nnen, ein dickes Beladungsproblem gehabt. Je nach dem wer gerade Pilot sein m\u00f6chte und wie lange er denn fliegen will.<\/p>\n<p>In Schw\u00e4bisch Hall stand ebenfalls ein traumhaft sch\u00f6nes Turnger\u00e4t.<\/p>\n<p style=\"text-align: center;\">Eine <em><strong>Skybolt<\/strong><\/em>.<\/p>\n<p style=\"text-align: center;\"><a href=\"http:\/\/www.sir-toby.org\/wp-content\/uploads\/2024\/04\/Skybold-e1711988021191.jpg\"><img loading=\"lazy\" decoding=\"async\" class=\"aligncenter wp-image-382 size-large\" src=\"http:\/\/www.sir-toby.org\/wp-content\/uploads\/2024\/04\/Skybold-e1711988021191-1024x660.jpg\" alt=\"\" width=\"1024\" height=\"660\" srcset=\"http:\/\/www.sir-toby.org\/wp-content\/uploads\/2024\/04\/Skybold-e1711988021191-1024x660.jpg 1024w, http:\/\/www.sir-toby.org\/wp-content\/uploads\/2024\/04\/Skybold-e1711988021191-300x193.jpg 300w, http:\/\/www.sir-toby.org\/wp-content\/uploads\/2024\/04\/Skybold-e1711988021191-768x495.jpg 768w, http:\/\/www.sir-toby.org\/wp-content\/uploads\/2024\/04\/Skybold-e1711988021191.jpg 1379w\" sizes=\"auto, (max-width: 1024px) 100vw, 1024px\" \/><\/a><a href=\"http:\/\/www.sir-toby.org\/wp-content\/uploads\/2024\/03\/DSC-S500105954-scaled.jpg\"><img loading=\"lazy\" decoding=\"async\" class=\"aligncenter size-medium wp-image-340\" src=\"http:\/\/www.sir-toby.org\/wp-content\/uploads\/2024\/03\/DSC-S500105954-300x225.jpg\" alt=\"\" width=\"300\" height=\"225\" srcset=\"http:\/\/www.sir-toby.org\/wp-content\/uploads\/2024\/03\/DSC-S500105954-300x225.jpg 300w, http:\/\/www.sir-toby.org\/wp-content\/uploads\/2024\/03\/DSC-S500105954-1024x768.jpg 1024w, http:\/\/www.sir-toby.org\/wp-content\/uploads\/2024\/03\/DSC-S500105954-768x576.jpg 768w, http:\/\/www.sir-toby.org\/wp-content\/uploads\/2024\/03\/DSC-S500105954-1536x1152.jpg 1536w, http:\/\/www.sir-toby.org\/wp-content\/uploads\/2024\/03\/DSC-S500105954-2048x1536.jpg 2048w\" sizes=\"auto, (max-width: 300px) 100vw, 300px\" \/><\/a><\/p>\n<p style=\"text-align: center;\">Hier bestand allerdings das Problem, dass einer der Partner von der H\u00f6he her nicht in den Flieger passte und ein Anderer vom Umfang her. Tja, jammerschade. Das Teil wurde wohl f\u00fcr Zwerge gebaut.<\/p>\n<p>Gem\u00e4\u00df dem Spruch: Der Flieger ist sehr leise. Ich kann mir mit den Kniescheiben die Ohren zuhalten.<\/p>\n<p>Um solch Tiefschl\u00e4ge zu vermeiden, haben wir uns zu einer Sitzprobe in Schwabach verabredet. Sollte mal eine <em><strong>Christen Eagle<\/strong><\/em> angeboten werden, so w\u00fcssten wir zumindest, dass wir da reinpassen.<\/p>\n<p>&nbsp;<\/p>\n<p style=\"text-align: center;\"><a href=\"http:\/\/www.sir-toby.org\/wp-content\/uploads\/2024\/03\/DSC-S500120534-scaled.jpg\"><img loading=\"lazy\" decoding=\"async\" class=\"aligncenter wp-image-352 size-large\" src=\"http:\/\/www.sir-toby.org\/wp-content\/uploads\/2024\/03\/DSC-S500120534-1024x768.jpg\" alt=\"\" width=\"1024\" height=\"768\" srcset=\"http:\/\/www.sir-toby.org\/wp-content\/uploads\/2024\/03\/DSC-S500120534-1024x768.jpg 1024w, http:\/\/www.sir-toby.org\/wp-content\/uploads\/2024\/03\/DSC-S500120534-300x225.jpg 300w, http:\/\/www.sir-toby.org\/wp-content\/uploads\/2024\/03\/DSC-S500120534-768x576.jpg 768w, http:\/\/www.sir-toby.org\/wp-content\/uploads\/2024\/03\/DSC-S500120534-1536x1152.jpg 1536w, http:\/\/www.sir-toby.org\/wp-content\/uploads\/2024\/03\/DSC-S500120534-2048x1536.jpg 2048w\" sizes=\"auto, (max-width: 1024px) 100vw, 1024px\" \/><\/a><\/p>\n<p style=\"text-align: center;\">Aber wie gesagt, die stand leider nicht zum Verkauf.<\/p>\n<p>Ein weiterer Versuch sollte uns nach Portugal f\u00fchren. Aber nicht nur der weite Anfahrtsweg, auch der sp\u00e4tere Transport haben uns abgeschreckt.<\/p>\n<p>So vergingen Wochen und Monate und es keimte der Gedanke, dass wir wohl alle nochmal tief in den Taschen greifen und nach weiterem Geld kramen m\u00fcssen. Um wohl eine Stufe h\u00f6her einsteigen zu k\u00f6nnen.<\/p>\n<p>Pl\u00f6tzlich was ein Flugzeug, das wir l\u00e4ngst im Fokus hatten, in greifbare finanzielle N\u00e4he ger\u00fcckt.<\/p>\n<p>Kurze Zeit sp\u00e4ter standen wir in Heubach vor einer wundersch\u00f6nen <strong>Zlin 526F<\/strong> deren Zustand man mit Fug und Recht als &#8222;besser als neu&#8220;\u00a0 bezeichnen konnte.<\/p>\n<p style=\"text-align: center;\"><a href=\"http:\/\/www.sir-toby.org\/wp-content\/uploads\/2024\/04\/SM-G900F146554_Repaired.jpg\"><img loading=\"lazy\" decoding=\"async\" class=\"aligncenter wp-image-383 size-large\" src=\"http:\/\/www.sir-toby.org\/wp-content\/uploads\/2024\/04\/SM-G900F146554_Repaired-1024x768.jpg\" alt=\"\" width=\"1024\" height=\"768\" srcset=\"http:\/\/www.sir-toby.org\/wp-content\/uploads\/2024\/04\/SM-G900F146554_Repaired-1024x768.jpg 1024w, http:\/\/www.sir-toby.org\/wp-content\/uploads\/2024\/04\/SM-G900F146554_Repaired-300x225.jpg 300w, http:\/\/www.sir-toby.org\/wp-content\/uploads\/2024\/04\/SM-G900F146554_Repaired-768x576.jpg 768w, http:\/\/www.sir-toby.org\/wp-content\/uploads\/2024\/04\/SM-G900F146554_Repaired-1536x1152.jpg 1536w, http:\/\/www.sir-toby.org\/wp-content\/uploads\/2024\/04\/SM-G900F146554_Repaired.jpg 2048w\" sizes=\"auto, (max-width: 1024px) 100vw, 1024px\" \/><\/a><\/p>\n<p><a href=\"http:\/\/www.sir-toby.org\/wp-content\/uploads\/2024\/04\/Canon-DIGITAL-IXUS-80-IS105871-scaled.jpg\"><img loading=\"lazy\" decoding=\"async\" class=\"aligncenter wp-image-384 size-large\" src=\"http:\/\/www.sir-toby.org\/wp-content\/uploads\/2024\/04\/Canon-DIGITAL-IXUS-80-IS105871-1024x768.jpg\" alt=\"\" width=\"1024\" height=\"768\" srcset=\"http:\/\/www.sir-toby.org\/wp-content\/uploads\/2024\/04\/Canon-DIGITAL-IXUS-80-IS105871-1024x768.jpg 1024w, http:\/\/www.sir-toby.org\/wp-content\/uploads\/2024\/04\/Canon-DIGITAL-IXUS-80-IS105871-300x225.jpg 300w, http:\/\/www.sir-toby.org\/wp-content\/uploads\/2024\/04\/Canon-DIGITAL-IXUS-80-IS105871-768x576.jpg 768w, http:\/\/www.sir-toby.org\/wp-content\/uploads\/2024\/04\/Canon-DIGITAL-IXUS-80-IS105871-1536x1152.jpg 1536w, http:\/\/www.sir-toby.org\/wp-content\/uploads\/2024\/04\/Canon-DIGITAL-IXUS-80-IS105871-2048x1536.jpg 2048w\" sizes=\"auto, (max-width: 1024px) 100vw, 1024px\" \/><\/a><\/p>\n<p>&nbsp;<\/p>\n<p style=\"text-align: center;\">Heute noch sind wir stolz die Kaufentscheidung getroffen zu haben. Bereits damals beim ersten Besuch hat uns dieses Flugzeug in seinen Bann gezogen und tut es \u00fcber zehn Jahre sp\u00e4ter immer noch.<\/p>\n<p>&nbsp;<\/p>\n","protected":false},"excerpt":{"rendered":"<p>Seit 2008 hatten wir uns vollgesponnen, in den Motorkunstflug einsteigen zu wollen. Die Gruppe der ernsthaft Interessenten wechselte allerdings im laufe der Zeit einige male. Geldmangel, Zeitmangel, Umzug nach \u00d6sterreich waren die h\u00e4ufigsten Gr\u00fcnde um wieder abzuspringen. Am Ende hat ein harter Kern von vier Personen sich fest vorgenommen, das Ziel doch noch zu erreichen. [&hellip;]<\/p>\n","protected":false},"author":2,"featured_media":0,"parent":0,"menu_order":0,"comment_status":"closed","ping_status":"closed","template":"","meta":{"footnotes":""},"class_list":["post-331","page","type-page","status-publish","hentry"],"_links":{"self":[{"href":"http:\/\/www.sir-toby.org\/index.php?rest_route=\/wp\/v2\/pages\/331","targetHints":{"allow":["GET"]}}],"collection":[{"href":"http:\/\/www.sir-toby.org\/index.php?rest_route=\/wp\/v2\/pages"}],"about":[{"href":"http:\/\/www.sir-toby.org\/index.php?rest_route=\/wp\/v2\/types\/page"}],"author":[{"embeddable":true,"href":"http:\/\/www.sir-toby.org\/index.php?rest_route=\/wp\/v2\/users\/2"}],"replies":[{"embeddable":true,"href":"http:\/\/www.sir-toby.org\/index.php?rest_route=%2Fwp%2Fv2%2Fcomments&post=331"}],"version-history":[{"count":14,"href":"http:\/\/www.sir-toby.org\/index.php?rest_route=\/wp\/v2\/pages\/331\/revisions"}],"predecessor-version":[{"id":399,"href":"http:\/\/www.sir-toby.org\/index.php?rest_route=\/wp\/v2\/pages\/331\/revisions\/399"}],"wp:attachment":[{"href":"http:\/\/www.sir-toby.org\/index.php?rest_route=%2Fwp%2Fv2%2Fmedia&parent=331"}],"curies":[{"name":"wp","href":"https:\/\/api.w.org\/{rel}","templated":true}]}}