{"id":132,"date":"2010-12-01T21:44:10","date_gmt":"2010-12-01T21:44:10","guid":{"rendered":"http:\/\/www.sir-toby.org\/?page_id=132"},"modified":"2025-10-03T15:55:40","modified_gmt":"2025-10-03T15:55:40","slug":"die-stolzen-besitzer","status":"publish","type":"page","link":"http:\/\/www.sir-toby.org\/?page_id=132","title":{"rendered":"Die stolzen Besitzer"},"content":{"rendered":"<p><strong><em>Sir Toby hat vier (drei) Besitzer<\/em><\/strong><\/p>\n<p><a href=\"http:\/\/www.sir-toby.org\/wp-content\/uploads\/2010\/12\/Zlin-Quartett-23.jpg\"><img loading=\"lazy\" decoding=\"async\" class=\"aligncenter wp-image-179\" title=\"Zlin-Quartett 2\" src=\"http:\/\/www.sir-toby.org\/wp-content\/uploads\/2010\/12\/Zlin-Quartett-23.jpg\" alt=\"\" width=\"499\" height=\"345\" srcset=\"http:\/\/www.sir-toby.org\/wp-content\/uploads\/2010\/12\/Zlin-Quartett-23.jpg 409w, http:\/\/www.sir-toby.org\/wp-content\/uploads\/2010\/12\/Zlin-Quartett-23-300x207.jpg 300w\" sizes=\"auto, (max-width: 499px) 100vw, 499px\" \/>TEN YEARS AFTER :<\/a><\/p>\n<p><a href=\"http:\/\/www.sir-toby.org\/wp-content\/uploads\/2021\/07\/Ten-Years-After-.jpg\"><img loading=\"lazy\" decoding=\"async\" class=\"aligncenter wp-image-316\" src=\"http:\/\/www.sir-toby.org\/wp-content\/uploads\/2021\/07\/Ten-Years-After--300x225.jpg\" alt=\"\" width=\"444\" height=\"333\" srcset=\"http:\/\/www.sir-toby.org\/wp-content\/uploads\/2021\/07\/Ten-Years-After--300x225.jpg 300w, http:\/\/www.sir-toby.org\/wp-content\/uploads\/2021\/07\/Ten-Years-After--768x576.jpg 768w, http:\/\/www.sir-toby.org\/wp-content\/uploads\/2021\/07\/Ten-Years-After--1024x768.jpg 1024w\" sizes=\"auto, (max-width: 444px) 100vw, 444px\" \/><\/a><\/p>\n<p>&nbsp;<\/p>\n<p><strong>Werner Kraus<\/strong> <a href=\"http:\/\/www.sir-toby.org\/wp-content\/uploads\/2010\/12\/Werner.jpg\"><img loading=\"lazy\" decoding=\"async\" class=\"alignright size-full wp-image-135\" title=\"Werner\" src=\"http:\/\/www.sir-toby.org\/wp-content\/uploads\/2010\/12\/Werner.jpg\" alt=\"\" width=\"232\" height=\"184\" srcset=\"http:\/\/www.sir-toby.org\/wp-content\/uploads\/2010\/12\/Werner.jpg 935w, http:\/\/www.sir-toby.org\/wp-content\/uploads\/2010\/12\/Werner-300x238.jpg 300w\" sizes=\"auto, (max-width: 232px) 100vw, 232px\" \/><\/a><\/p>\n<p>Werner ist der J\u00fcngste im Team. Mit dem Fliegervirus hat er sich 1997 angesteckt. Den Segelflugschein hat er 1999 erworben. Es folgte 2001 der Motorflugschein und 2003 der Motorseglerschein. Im Jahr 2006 hat Werner sein Hobby zum Beruf gemacht, flog Do 328 und Learjet 60 im Rettungsdienst und als Kapit\u00e4n Cargo-Jets. Seit kurzem kutschiert er Top-Manager durch die L\u00fcfte.\u00a0 Kunstflug betreibt er seit 2007 und Segelflug- und Motorfluglehrer ist er seit 2010. Werner ist ende 2022 aus unserem Team ausgestiegen und betreibt seitdem ein f\u00fcr Wettbewerbe zeitgem\u00e4\u00dferes Motorkunstflugzeug.<\/p>\n<p>&nbsp;<\/p>\n<p><strong><em>Karl Heinz Ideler (Kalle) <\/em><\/strong><a href=\"http:\/\/www.sir-toby.org\/wp-content\/uploads\/2010\/12\/Kalle.jpg\"><strong><em><img loading=\"lazy\" decoding=\"async\" class=\"alignright size-full wp-image-137\" title=\"Kalle\" src=\"http:\/\/www.sir-toby.org\/wp-content\/uploads\/2010\/12\/Kalle.jpg\" alt=\"\" width=\"289\" height=\"200\" \/><\/em><\/strong><\/a><\/p>\n<p>Kalle startete seine fliegerische Karriere 1974 mit Segelflug. Es folgte 1981 der Motorseglerschein und 1995 der Motorflugschein. Nicht zu vergessen 2001 der UL Schein. Er ist im Besitz der Lehrberechtigungen f\u00fcr Segelflug, UL und TMG und betreibt seit 1986 Kunstflug. Seit einigen Jahren darf ers ich auch Miteigent\u00fcmer underes historischen Doppeldeckers nennen.<\/p>\n<p>&nbsp;<\/p>\n<p>&nbsp;<\/p>\n<p>&nbsp;<\/p>\n<p><strong><em>Thomas Horz\u00a0 <a href=\"http:\/\/www.sir-toby.org\/wp-content\/uploads\/2010\/12\/Profil-Thomas-H2.jpg\"><img loading=\"lazy\" decoding=\"async\" class=\"aligncenter size-medium wp-image-204\" title=\"Profil Thomas H\" src=\"http:\/\/www.sir-toby.org\/wp-content\/uploads\/2010\/12\/Profil-Thomas-H2-300x168.jpg\" alt=\"\" width=\"300\" height=\"168\" srcset=\"http:\/\/www.sir-toby.org\/wp-content\/uploads\/2010\/12\/Profil-Thomas-H2-300x168.jpg 300w, http:\/\/www.sir-toby.org\/wp-content\/uploads\/2010\/12\/Profil-Thomas-H2-1024x576.jpg 1024w, http:\/\/www.sir-toby.org\/wp-content\/uploads\/2010\/12\/Profil-Thomas-H2.jpg 1080w\" sizes=\"auto, (max-width: 300px) 100vw, 300px\" \/><\/a><\/em><\/strong><a href=\"http:\/\/www.sir-toby.org\/wp-content\/uploads\/2010\/12\/Horzi.jpg\"><strong><em>\u00a0<\/em><\/strong><\/a><\/p>\n<p>Thomas betreibt Streckensegelflug, fliegt UL und Motorsegler sowie Motorflugzeuge. Er betreibt seit vielen Jahren aktiv Segel- und Motorkunstflug und ist mit seiner Stemme S10 in ganz Europa und Argentinien unterwegs. Auch er ist mittlerweile anteilig an unserem Doppeldecker Tiger Moth beteiligt.<\/p>\n<p><strong><em>Thomas Pl\u00f6dt <a href=\"http:\/\/www.sir-toby.org\/wp-content\/uploads\/2010\/12\/Thomas2.jpg\"><img loading=\"lazy\" decoding=\"async\" class=\"alignright size-full wp-image-153\" title=\"Thomas\" src=\"http:\/\/www.sir-toby.org\/wp-content\/uploads\/2010\/12\/Thomas2.jpg\" alt=\"\" width=\"420\" height=\"303\" \/><\/a><\/em><\/strong><\/p>\n<p>Segelflug, UL und Motorsegler, Motorflug, CVFR und die Lehrberechtigungen f\u00fcr all diese Lizenzen. Segel- und Motorkunstflugberechtigung. Er war lange Jahre Ausbildungsleiter beim <a href=\"http:\/\/www.sfc-lauf.de\">SFC-Lauf e.V.<\/a> und ist Pr\u00fcfungsrat UL beim DAeC und DULV. Ferner ist er\u00a0 Partner am historischen <a href=\"http:\/\/www.miss-sophie.org\">Doppeldecker<\/a> Miss Sophie sowie der Autor dieser WEB-Seite.<\/p>\n","protected":false},"excerpt":{"rendered":"<p>Sir Toby hat vier (drei) Besitzer TEN YEARS AFTER : &nbsp; Werner Kraus Werner ist der J\u00fcngste im Team. Mit dem Fliegervirus hat er sich 1997 angesteckt. Den Segelflugschein hat er 1999 erworben. Es folgte 2001 der Motorflugschein und 2003 der Motorseglerschein. Im Jahr 2006 hat Werner sein Hobby zum Beruf gemacht, flog Do 328 [&hellip;]<\/p>\n","protected":false},"author":2,"featured_media":0,"parent":0,"menu_order":32,"comment_status":"open","ping_status":"open","template":"","meta":{"footnotes":""},"class_list":["post-132","page","type-page","status-publish","hentry"],"_links":{"self":[{"href":"http:\/\/www.sir-toby.org\/index.php?rest_route=\/wp\/v2\/pages\/132","targetHints":{"allow":["GET"]}}],"collection":[{"href":"http:\/\/www.sir-toby.org\/index.php?rest_route=\/wp\/v2\/pages"}],"about":[{"href":"http:\/\/www.sir-toby.org\/index.php?rest_route=\/wp\/v2\/types\/page"}],"author":[{"embeddable":true,"href":"http:\/\/www.sir-toby.org\/index.php?rest_route=\/wp\/v2\/users\/2"}],"replies":[{"embeddable":true,"href":"http:\/\/www.sir-toby.org\/index.php?rest_route=%2Fwp%2Fv2%2Fcomments&post=132"}],"version-history":[{"count":32,"href":"http:\/\/www.sir-toby.org\/index.php?rest_route=\/wp\/v2\/pages\/132\/revisions"}],"predecessor-version":[{"id":400,"href":"http:\/\/www.sir-toby.org\/index.php?rest_route=\/wp\/v2\/pages\/132\/revisions\/400"}],"wp:attachment":[{"href":"http:\/\/www.sir-toby.org\/index.php?rest_route=%2Fwp%2Fv2%2Fmedia&parent=132"}],"curies":[{"name":"wp","href":"https:\/\/api.w.org\/{rel}","templated":true}]}}